{"id":986,"date":"2023-01-19T12:30:55","date_gmt":"2023-01-19T11:30:55","guid":{"rendered":"https:\/\/psy.brussels\/?page_id=986"},"modified":"2023-01-19T12:30:57","modified_gmt":"2023-01-19T11:30:57","slug":"estime-de-soi","status":"publish","type":"page","link":"https:\/\/www.psycholoog.brussels\/fr\/themes\/estime-de-soi\/","title":{"rendered":"Estime de soi"},"content":{"rendered":"\n<div style=\"height:25px\" aria-hidden=\"true\" class=\"wp-block-spacer\"><\/div>\n\n\n\n<h2 class=\"wp-block-heading\">Qu&rsquo;est-ce que l&rsquo;estime de soi ?<\/h2>\n\n\n\n<p><mark style=\"background-color:rgba(0, 0, 0, 0)\" class=\"has-inline-color has-vivid-cyan-blue-color\">L&rsquo;estime de soi est un jugement personnel et une attitude envers soi-m\u00eame qui refl\u00e8te la conception que nous avons de notre valeur et de nos qualit\u00e9s.<\/mark> Elle fa\u00e7onne et motive notre personnalit\u00e9 et est g\u00e9n\u00e9r\u00e9e \u00e0 travers l&rsquo;histoire de chaque personne.<\/p>\n\n\n\n<p><strong>Une haute estime de soi signifie que vous avez une image positive de vous-m\u00eame et que vous vous sentez bien dans votre peau.<\/strong> Une faible estime de soi signifie que vous avez une image n\u00e9gative de vous-m\u00eame et que vous ne vous sentez pas bien dans votre peau.<\/p>\n\n\n\n<p>De nombreuses th\u00e9ories sugg\u00e8rent que l&rsquo;estime de soi est un besoin humain fondamental. Abraham Maslow a d\u00e9crit deux formes d&rsquo;amour : le besoin de respect des autres et le besoin d&rsquo;estime de soi.<\/p>\n\n\n\n<p>L&rsquo;estime de soi est quelque chose qui peut varier au fil du temps et qui est influenc\u00e9e par une vari\u00e9t\u00e9 de facteurs, y compris vos exp\u00e9riences, vos relations et votre environnement. Il est important de travailler sur le d\u00e9veloppement et le maintien d&rsquo;une bonne estime de soi, car cela peut avoir un impact significatif sur votre bien-\u00eatre g\u00e9n\u00e9ral et votre bonheur.<\/p>\n\n\n\n<div style=\"height:25px\" aria-hidden=\"true\" class=\"wp-block-spacer\"><\/div>\n\n\n\n<h3 class=\"wp-block-heading\">Quelle est son importance ?<\/h3>\n\n\n\n<p>L&rsquo;estime de soi est importante car elle peut affecter la fa\u00e7on dont vous vous sentez, vos relations avec les autres et la fa\u00e7on dont vous prenez des d\u00e9cisions. Les personnes ayant une haute estime de soi ont tendance \u00e0 \u00eatre plus confiantes, \u00e0 se sentir plus capables et comp\u00e9tentes, et sont plus susceptibles de prendre des risques et d&rsquo;essayer de nouvelles choses. D&rsquo;autre part, <strong>les personnes ayant une faible estime de soi peuvent se sentir moins en s\u00e9curit\u00e9<\/strong>, peuvent \u00e9viter d&rsquo;essayer de nouvelles choses ou de prendre des risques, et peuvent se sentir indignes ou incapables.<\/p>\n\n\n\n<p>Le degr\u00e9 d&rsquo;estime de soi que nous avons se manifeste dans nos pens\u00e9es, nos attitudes et nos comportements. Une haute estime de soi favorise une attitude positive, la satisfaction, le d\u00e9sir de se battre et constitue un excellent tampon contre l&rsquo;adversit\u00e9, servant de motivation et affectant positivement notre comportement.<\/p>\n\n\n\n<p>Cependant, une faible estime de soi augmente souvent le stress et la d\u00e9motivation, nous fait nous sentir incapables d&rsquo;atteindre nos objectifs et peut nous amener \u00e0 croire que nous ne pouvons pas \u00eatre valoris\u00e9s par les autres.<\/p>\n\n\n\n<div style=\"height:25px\" aria-hidden=\"true\" class=\"wp-block-spacer\"><\/div>\n\n\n\n<h3 class=\"wp-block-heading\">Comment favoriser son estime de soi ?<\/h3>\n\n\n\n<ul class=\"wp-block-list\">\n<li>Aimez-vous plus et mieux<\/li>\n\n\n\n<li>Acceptez-vous tel que vous \u00eates<\/li>\n\n\n\n<li>D\u00e9velopper le sens de l&rsquo;humour<\/li>\n\n\n\n<li>Soyez constructif<\/li>\n\n\n\n<li>Ne pas avoir peur des responsabilit\u00e9s ou de la prise de d\u00e9cision<\/li>\n\n\n\n<li>Ne pensez pas que tout est de votre faute<\/li>\n\n\n\n<li>R\u00e9compensez-vous pour vos r\u00e9alisations<\/li>\n\n\n\n<li>Simplifiez-vous la vie<\/li>\n<\/ul>\n\n\n\n<div style=\"height:25px\" aria-hidden=\"true\" class=\"wp-block-spacer\"><\/div>\n","protected":false},"excerpt":{"rendered":"<p>Qu&rsquo;est-ce que l&rsquo;estime de soi ? L&rsquo;estime de soi est un jugement personnel et une attitude envers soi-m\u00eame qui refl\u00e8te la conception que nous avons de<span class=\"excerpt-hellip\"> [\u2026]<\/span><\/p>\n","protected":false},"author":1,"featured_media":0,"parent":779,"menu_order":0,"comment_status":"closed","ping_status":"closed","template":"","meta":{"_monsterinsights_skip_tracking":false,"_monsterinsights_sitenote_active":false,"_monsterinsights_sitenote_note":"","_monsterinsights_sitenote_category":0,"footnotes":""},"class_list":["post-986","page","type-page","status-publish","hentry"],"aioseo_notices":[],"_links":{"self":[{"href":"https:\/\/www.psycholoog.brussels\/fr\/wp-json\/wp\/v2\/pages\/986","targetHints":{"allow":["GET"]}}],"collection":[{"href":"https:\/\/www.psycholoog.brussels\/fr\/wp-json\/wp\/v2\/pages"}],"about":[{"href":"https:\/\/www.psycholoog.brussels\/fr\/wp-json\/wp\/v2\/types\/page"}],"author":[{"embeddable":true,"href":"https:\/\/www.psycholoog.brussels\/fr\/wp-json\/wp\/v2\/users\/1"}],"replies":[{"embeddable":true,"href":"https:\/\/www.psycholoog.brussels\/fr\/wp-json\/wp\/v2\/comments?post=986"}],"version-history":[{"count":2,"href":"https:\/\/www.psycholoog.brussels\/fr\/wp-json\/wp\/v2\/pages\/986\/revisions"}],"predecessor-version":[{"id":1019,"href":"https:\/\/www.psycholoog.brussels\/fr\/wp-json\/wp\/v2\/pages\/986\/revisions\/1019"}],"up":[{"embeddable":true,"href":"https:\/\/www.psycholoog.brussels\/fr\/wp-json\/wp\/v2\/pages\/779"}],"wp:attachment":[{"href":"https:\/\/www.psycholoog.brussels\/fr\/wp-json\/wp\/v2\/media?parent=986"}],"curies":[{"name":"wp","href":"https:\/\/api.w.org\/{rel}","templated":true}]}}